{"id":25,"date":"2021-08-29T16:49:44","date_gmt":"2021-08-29T16:49:44","guid":{"rendered":"http:\/\/aivonswp.pixydrops.com\/?page_id=25"},"modified":"2025-05-01T20:53:36","modified_gmt":"2025-05-01T17:53:36","slug":"team","status":"publish","type":"page","link":"https:\/\/platformemlak.com\/index.php\/team\/","title":{"rendered":"Ekip"},"content":{"rendered":"\t\t<div data-elementor-type=\"wp-page\" data-elementor-id=\"25\" class=\"elementor elementor-25\" data-elementor-post-type=\"page\">\n\t\t\t\t\t\t<section class=\"elementor-section elementor-top-section elementor-element elementor-element-f8cf6c1 elementor-section-full_width elementor-section-height-default elementor-section-height-default\" data-id=\"f8cf6c1\" data-element_type=\"section\">\n\t\t\t\t\t\t<div class=\"elementor-container elementor-column-gap-no\">\n\t\t\t\t\t<div class=\"elementor-column elementor-col-100 elementor-top-column elementor-element elementor-element-a2f0068\" data-id=\"a2f0068\" data-element_type=\"column\">\n\t\t\t<div class=\"elementor-widget-wrap elementor-element-populated\">\n\t\t\t\t\t\t<div class=\"elementor-element elementor-element-deb420d elementor-widget elementor-widget-aivons-team\" data-id=\"deb420d\" data-element_type=\"widget\" data-widget_type=\"aivons-team.default\">\n\t\t\t\t<div class=\"elementor-widget-container\">\n\t\t\t\t<section class=\"team-one team-page\">\r\n\t\t<div class=\"container\">\r\n\t\t\t<div class=\"row\">\r\n\t\t\t\t\t\t\t\t\t\t\t\t\t\t\t\t\t\t\t\t\t\t\t\t\t<div class=\"col-xl-4 col-lg-6 col-md-6 \">\r\n\t\t\t\t\t\t\t<!--Team One Single-->\r\n\t\t\t\t\t\t\t<div class=\"team-one__single\">\r\n\t\t\t\t\t\t\t\t<div class=\"team-one__img\">\r\n\t\t\t\t\t\t\t\t\t\t\t\t\t\t\t\t\t\t\t<img fetchpriority=\"high\" decoding=\"async\" width=\"370\" height=\"446\" src=\"https:\/\/platformemlak.com\/wp-content\/uploads\/2021\/09\/Platform-emlak-erkek-370x446.png\" class=\"attachment-aivons_team_370X446 size-aivons_team_370X446 wp-post-image\" alt=\"\" \/>\t\t\t\t\t\t\t\t\t\t\t\t\t\t\t\t\t\t<div class=\"team-one__hover-content\">\r\n\t\t\t\t\t\t\t\t\t\t<h3 class=\"team-one__name\">\u0130nan Murat \u0130\u00e7da\u011f<\/h3>\r\n\t\t\t\t\t\t\t\t\t\t<p class=\"team-one__title\">Emlak Dan\u0131\u015fman\u0131<\/p>\r\n\t\t\t\t\t\t\t\t\t<\/div>\r\n\t\t\t\t\t\t\t\t\t<div class=\"team-one__bottom\">\r\n\t\t\t\t\t\t\t\t\t\t<div class=\"team-one__btn-box\">\r\n\t\t\t\t\t\t\t\t\t\t\t<a target=\"_blank\" href=\"https:\/\/platformemlak.com\/index.php\/contact\/\" class=\"team-one__btn\">\r\n\t\t\t\t\t\t\t\t\t\t\t\t\u0130leti\u015fime Ge\u00e7\t\t\t\t\t\t\t\t\t\t\t<\/a>\r\n\t\t\t\t\t\t\t\t\t\t<\/div>\r\n\t\t\t\t\t\t\t\t\t\t<div class=\"team-one__social\">\r\n\t\t\t\t\t\t\t\t\t\t\t\t\t\t\t\t\t\t\t\t\t\t\t\t\t\t\t\t\t\t\t\t\t\t\t\t\t\t\t\t\t\t\t\t\t\t\t<a href=\"#\"><i class=\"fab fa-twitter\"><\/i><\/a>\r\n\t\t\t\t\t\t\t\t\t\t\t\t\t\t\t\t\t\t\t\t\t\t\t\t\t<a href=\"#\"><i class=\"fab fa-facebook\"><\/i><\/a>\r\n\t\t\t\t\t\t\t\t\t\t\t\t\t\t\t\t\t\t\t\t\t\t\t\t\t<a href=\"#\"><i class=\"fab fa-instagram\"><\/i><\/a>\r\n\t\t\t\t\t\t\t\t\t\t\t\t\t\t\t\t\t\t\t\t\t\t\t\t\t\t\t\t\t\t\t\t\t<\/div>\r\n\t\t\t\t\t\t\t\t\t<\/div>\r\n\t\t\t\t\t\t\t\t<\/div>\r\n\t\t\t\t\t\t\t<\/div>\r\n\t\t\t\t\t\t<\/div>\r\n\t\t\t\t\t\t\t\t\t\t\t\t\t\t\t\t\t<div class=\"col-xl-4 col-lg-6 col-md-6 \">\r\n\t\t\t\t\t\t\t<!--Team One Single-->\r\n\t\t\t\t\t\t\t<div class=\"team-one__single\">\r\n\t\t\t\t\t\t\t\t<div class=\"team-one__img\">\r\n\t\t\t\t\t\t\t\t\t\t\t\t\t\t\t\t\t\t\t<img fetchpriority=\"high\" decoding=\"async\" width=\"370\" height=\"446\" src=\"https:\/\/platformemlak.com\/wp-content\/uploads\/2021\/09\/Platform-emlak-erkek-370x446.png\" class=\"attachment-aivons_team_370X446 size-aivons_team_370X446 wp-post-image\" alt=\"\" \/>\t\t\t\t\t\t\t\t\t\t\t\t\t\t\t\t\t\t<div class=\"team-one__hover-content\">\r\n\t\t\t\t\t\t\t\t\t\t<h3 class=\"team-one__name\">\u00d6mer S\u00fcha Tuzlac\u0131<\/h3>\r\n\t\t\t\t\t\t\t\t\t\t<p class=\"team-one__title\">Emlak Dan\u0131\u015fman\u0131<\/p>\r\n\t\t\t\t\t\t\t\t\t<\/div>\r\n\t\t\t\t\t\t\t\t\t<div class=\"team-one__bottom\">\r\n\t\t\t\t\t\t\t\t\t\t<div class=\"team-one__btn-box\">\r\n\t\t\t\t\t\t\t\t\t\t\t<a target=\"_blank\" href=\"https:\/\/platformemlak.com\/index.php\/contact\/\" class=\"team-one__btn\">\r\n\t\t\t\t\t\t\t\t\t\t\t\t\u0130leti\u015fime Ge\u00e7\t\t\t\t\t\t\t\t\t\t\t<\/a>\r\n\t\t\t\t\t\t\t\t\t\t<\/div>\r\n\t\t\t\t\t\t\t\t\t\t<div class=\"team-one__social\">\r\n\t\t\t\t\t\t\t\t\t\t\t\t\t\t\t\t\t\t\t\t\t\t\t\t\t\t\t\t\t\t\t\t\t\t\t\t\t\t\t\t\t\t\t\t\t\t\t<a href=\"#\"><i class=\"fab fa-twitter\"><\/i><\/a>\r\n\t\t\t\t\t\t\t\t\t\t\t\t\t\t\t\t\t\t\t\t\t\t\t\t\t<a href=\"#\"><i class=\"fab fa-facebook\"><\/i><\/a>\r\n\t\t\t\t\t\t\t\t\t\t\t\t\t\t\t\t\t\t\t\t\t\t\t\t\t<a href=\"#\"><i class=\"fab fa-instagram\"><\/i><\/a>\r\n\t\t\t\t\t\t\t\t\t\t\t\t\t\t\t\t\t\t\t\t\t\t\t\t\t\t\t\t\t\t\t\t\t<\/div>\r\n\t\t\t\t\t\t\t\t\t<\/div>\r\n\t\t\t\t\t\t\t\t<\/div>\r\n\t\t\t\t\t\t\t<\/div>\r\n\t\t\t\t\t\t<\/div>\r\n\t\t\t\t\t\t\t\t\t\t\t\t\t\t\t\t\t<div class=\"col-xl-4 col-lg-6 col-md-6 \">\r\n\t\t\t\t\t\t\t<!--Team One Single-->\r\n\t\t\t\t\t\t\t<div class=\"team-one__single\">\r\n\t\t\t\t\t\t\t\t<div class=\"team-one__img\">\r\n\t\t\t\t\t\t\t\t\t\t\t\t\t\t\t\t\t\t\t<img decoding=\"async\" width=\"370\" height=\"446\" src=\"https:\/\/platformemlak.com\/wp-content\/uploads\/2021\/09\/Platform-emlak-kadin-370x446.png\" class=\"attachment-aivons_team_370X446 size-aivons_team_370X446 wp-post-image\" alt=\"\" \/>\t\t\t\t\t\t\t\t\t\t\t\t\t\t\t\t\t\t<div class=\"team-one__hover-content\">\r\n\t\t\t\t\t\t\t\t\t\t<h3 class=\"team-one__name\">Arzu K\u0131rca<\/h3>\r\n\t\t\t\t\t\t\t\t\t\t<p class=\"team-one__title\">Emlak Dan\u0131\u015fman\u0131<\/p>\r\n\t\t\t\t\t\t\t\t\t<\/div>\r\n\t\t\t\t\t\t\t\t\t<div class=\"team-one__bottom\">\r\n\t\t\t\t\t\t\t\t\t\t<div class=\"team-one__btn-box\">\r\n\t\t\t\t\t\t\t\t\t\t\t<a target=\"_blank\" href=\"https:\/\/platformemlak.com\/index.php\/contact\/\" class=\"team-one__btn\">\r\n\t\t\t\t\t\t\t\t\t\t\t\t\u0130leti\u015fime Ge\u00e7\t\t\t\t\t\t\t\t\t\t\t<\/a>\r\n\t\t\t\t\t\t\t\t\t\t<\/div>\r\n\t\t\t\t\t\t\t\t\t\t<div class=\"team-one__social\">\r\n\t\t\t\t\t\t\t\t\t\t\t\t\t\t\t\t\t\t\t\t\t\t\t\t\t\t\t\t\t\t\t\t\t\t\t\t\t\t\t\t\t\t\t\t\t\t\t<a href=\"#\"><i class=\"fab fa-twitter\"><\/i><\/a>\r\n\t\t\t\t\t\t\t\t\t\t\t\t\t\t\t\t\t\t\t\t\t\t\t\t\t<a href=\"#\"><i class=\"fab fa-facebook\"><\/i><\/a>\r\n\t\t\t\t\t\t\t\t\t\t\t\t\t\t\t\t\t\t\t\t\t\t\t\t\t<a href=\"#\"><i class=\"fab fa-instagram\"><\/i><\/a>\r\n\t\t\t\t\t\t\t\t\t\t\t\t\t\t\t\t\t\t\t\t\t\t\t\t\t\t\t\t\t\t\t\t\t<\/div>\r\n\t\t\t\t\t\t\t\t\t<\/div>\r\n\t\t\t\t\t\t\t\t<\/div>\r\n\t\t\t\t\t\t\t<\/div>\r\n\t\t\t\t\t\t<\/div>\r\n\t\t\t\t\t\t\t\t\t\t\t\t\t\t\t\t\t<div class=\"col-xl-4 col-lg-6 col-md-6 \">\r\n\t\t\t\t\t\t\t<!--Team One Single-->\r\n\t\t\t\t\t\t\t<div class=\"team-one__single\">\r\n\t\t\t\t\t\t\t\t<div class=\"team-one__img\">\r\n\t\t\t\t\t\t\t\t\t\t\t\t\t\t\t\t\t\t\t<img fetchpriority=\"high\" decoding=\"async\" width=\"370\" height=\"446\" src=\"https:\/\/platformemlak.com\/wp-content\/uploads\/2021\/09\/Platform-emlak-erkek-370x446.png\" class=\"attachment-aivons_team_370X446 size-aivons_team_370X446 wp-post-image\" alt=\"\" \/>\t\t\t\t\t\t\t\t\t\t\t\t\t\t\t\t\t\t<div class=\"team-one__hover-content\">\r\n\t\t\t\t\t\t\t\t\t\t<h3 class=\"team-one__name\">Muratcan \u0130\u00e7da\u011f<\/h3>\r\n\t\t\t\t\t\t\t\t\t\t<p class=\"team-one__title\">Dijital Pazarlama &amp; Yapay Zeka Otomasyon Uzman\u0131<\/p>\r\n\t\t\t\t\t\t\t\t\t<\/div>\r\n\t\t\t\t\t\t\t\t\t<div class=\"team-one__bottom\">\r\n\t\t\t\t\t\t\t\t\t\t<div class=\"team-one__btn-box\">\r\n\t\t\t\t\t\t\t\t\t\t\t<a target=\"_blank\" href=\"https:\/\/instagram.com\/muratcanicdag\" class=\"team-one__btn\">\r\n\t\t\t\t\t\t\t\t\t\t\t\t\u0130leti\u015fime Ge\u00e7\t\t\t\t\t\t\t\t\t\t\t<\/a>\r\n\t\t\t\t\t\t\t\t\t\t<\/div>\r\n\t\t\t\t\t\t\t\t\t\t<div class=\"team-one__social\">\r\n\t\t\t\t\t\t\t\t\t\t\t\t\t\t\t\t\t\t\t\t\t\t\t\t\t\t\t\t\t\t\t\t\t\t\t\t\t\t\t\t\t\t\t\t\t\t\t<a href=\"#\"><i class=\"fab fa-twitter\"><\/i><\/a>\r\n\t\t\t\t\t\t\t\t\t\t\t\t\t\t\t\t\t\t\t\t\t\t\t\t\t<a href=\"#\"><i class=\"fab fa-facebook\"><\/i><\/a>\r\n\t\t\t\t\t\t\t\t\t\t\t\t\t\t\t\t\t\t\t\t\t\t\t\t\t<a href=\"#\"><i class=\"fab fa-instagram\"><\/i><\/a>\r\n\t\t\t\t\t\t\t\t\t\t\t\t\t\t\t\t\t\t\t\t\t\t\t\t\t\t\t\t\t\t\t\t\t<\/div>\r\n\t\t\t\t\t\t\t\t\t<\/div>\r\n\t\t\t\t\t\t\t\t<\/div>\r\n\t\t\t\t\t\t\t<\/div>\r\n\t\t\t\t\t\t<\/div>\r\n\t\t\t\t\t\t\t\t\t\t\t\t\t\r\n\t\t\t<\/div>\r\n\t\t<\/div>\r\n\t<\/section>\r\n\t\t<\/div>\n\t\t\t\t<\/div>\n\t\t\t\t\t<\/div>\n\t\t<\/div>\n\t\t\t\t\t<\/div>\n\t\t<\/section>\n\t\t\t\t<\/div>\n\t\t","protected":false},"excerpt":{"rendered":"<p>Seth Taylor Consultant Contact Me Sara Wade Consultant Contact Me Abe Fahey Consultant Contact Me Shakira Crooks Consultant Contact Me Terrell Dietrich Consultant Contact Me April Feil Consultant Contact Me<\/p>\n","protected":false},"author":1,"featured_media":0,"parent":0,"menu_order":0,"comment_status":"closed","ping_status":"closed","template":"elementor_header_footer","meta":{"footnotes":""},"class_list":["post-25","page","type-page","status-publish","hentry"],"_links":{"self":[{"href":"https:\/\/platformemlak.com\/index.php\/wp-json\/wp\/v2\/pages\/25","targetHints":{"allow":["GET"]}}],"collection":[{"href":"https:\/\/platformemlak.com\/index.php\/wp-json\/wp\/v2\/pages"}],"about":[{"href":"https:\/\/platformemlak.com\/index.php\/wp-json\/wp\/v2\/types\/page"}],"author":[{"embeddable":true,"href":"https:\/\/platformemlak.com\/index.php\/wp-json\/wp\/v2\/users\/1"}],"replies":[{"embeddable":true,"href":"https:\/\/platformemlak.com\/index.php\/wp-json\/wp\/v2\/comments?post=25"}],"version-history":[{"count":1,"href":"https:\/\/platformemlak.com\/index.php\/wp-json\/wp\/v2\/pages\/25\/revisions"}],"predecessor-version":[{"id":2946,"href":"https:\/\/platformemlak.com\/index.php\/wp-json\/wp\/v2\/pages\/25\/revisions\/2946"}],"wp:attachment":[{"href":"https:\/\/platformemlak.com\/index.php\/wp-json\/wp\/v2\/media?parent=25"}],"curies":[{"name":"wp","href":"https:\/\/api.w.org\/{rel}","templated":true}]}}